{"id":2134,"date":"2023-05-31T11:14:49","date_gmt":"2023-05-31T11:14:49","guid":{"rendered":"https:\/\/test2.honstyle.com\/?post_type=product&#038;p=2134"},"modified":"2024-02-20T15:04:46","modified_gmt":"2024-02-20T18:04:46","slug":"cloud-charging-management-system-for-charge-point-operator","status":"publish","type":"product","link":"https:\/\/hbcmobility.com.br\/br\/cloud-charging-management-system-for-charge-point-operator\/","title":{"rendered":"Sistema de gerenciamento em nuvem dos pontos de recarga"},"content":{"rendered":"<div data-elementor-type=\"product-post\" data-elementor-id=\"2134\" class=\"elementor elementor-2134\">\n\t\t\t\t\t\t<section class=\"elementor-section elementor-top-section elementor-element elementor-element-561e9a7 elementor-section-boxed elementor-section-height-default elementor-section-height-default\" data-id=\"561e9a7\" data-element_type=\"section\">\n\t\t\t\t\t\t<div class=\"elementor-container elementor-column-gap-default\">\n\t\t\t\t\t<div class=\"elementor-column elementor-col-100 elementor-top-column elementor-element elementor-element-5d110f1\" data-id=\"5d110f1\" data-element_type=\"column\">\n\t\t\t<div class=\"elementor-widget-wrap elementor-element-populated\">\n\t\t\t\t\t\t<div class=\"elementor-element elementor-element-0f42f00 elementor-widget elementor-widget-text-editor\" data-id=\"0f42f00\" data-element_type=\"widget\" data-widget_type=\"text-editor.default\">\n\t\t\t\t<div class=\"elementor-widget-container\">\n\t\t\t<style>\/*! elementor - v3.19.0 - 29-01-2024 *\/\n.elementor-widget-text-editor.elementor-drop-cap-view-stacked .elementor-drop-cap{background-color:#69727d;color:#fff}.elementor-widget-text-editor.elementor-drop-cap-view-framed .elementor-drop-cap{color:#69727d;border:3px solid;background-color:transparent}.elementor-widget-text-editor:not(.elementor-drop-cap-view-default) .elementor-drop-cap{margin-top:8px}.elementor-widget-text-editor:not(.elementor-drop-cap-view-default) .elementor-drop-cap-letter{width:1em;height:1em}.elementor-widget-text-editor .elementor-drop-cap{float:left;text-align:center;line-height:1;font-size:50px}.elementor-widget-text-editor .elementor-drop-cap-letter{display:inline-block}<\/style>\t\t\t\t<p>O HBC Mobility CCMS \u00e9 uma plataforma de gerenciamento de servi\u00e7os baseada em nuvem que permite otimizar a experi\u00eancia de carregamento. Gerenciar facilmente o acesso e monitorar remotamente as esta\u00e7\u00f5es, cobrar os usu\u00e1rios facilmente por meio de um \u00fanico sistema de gerenciamento e gerar uma variedade de dados valiosos sobre como suas esta\u00e7\u00f5es est\u00e3o sendo usadas.<\/p>\t\t\t\t\t\t<\/div>\n\t\t\t\t<\/div>\n\t\t\t\t\t<\/div>\n\t\t<\/div>\n\t\t\t\t\t<\/div>\n\t\t<\/section>\n\t\t\t\t<section class=\"elementor-section elementor-top-section elementor-element elementor-element-9c1eb14 elementor-section-boxed elementor-section-height-default elementor-section-height-default\" data-id=\"9c1eb14\" data-element_type=\"section\">\n\t\t\t\t\t\t<div class=\"elementor-container elementor-column-gap-default\">\n\t\t\t\t\t<div class=\"elementor-column elementor-col-50 elementor-top-column elementor-element elementor-element-2b8f867\" data-id=\"2b8f867\" data-element_type=\"column\">\n\t\t\t<div class=\"elementor-widget-wrap elementor-element-populated\">\n\t\t\t\t\t\t<div class=\"elementor-element elementor-element-35a7810 elementor-widget elementor-widget-text-editor\" data-id=\"35a7810\" data-element_type=\"widget\" data-widget_type=\"text-editor.default\">\n\t\t\t\t<div class=\"elementor-widget-container\">\n\t\t\t\t\t\t\t<p><strong>Interface amig\u00e1vel e intuitiva<\/strong><\/p>\n<p>Acesso aos dados das esta\u00e7\u00f5es de carregamento  em tempo real. Gerencie suas esta\u00e7\u00f5es de carregamento.<\/p>\n<p><strong>Sistema de faturamento flex\u00edvel<\/strong><\/p>\n<p>Defina suas pr\u00f3prias estrat\u00e9gias de pre\u00e7os e gerencie o faturamento da assinatura com termos flex\u00edveis.<\/p>\n<p><strong>Aplicativo m\u00f3vel<\/strong><\/p>\n<p>Ofere\u00e7a uma excelente experi\u00eancia de uso para os seus clientes com nossos aplicativos m\u00f3veis.<\/p>\n<p><strong>Custos de manuten\u00e7\u00e3o baixos<\/strong><\/p>\n<p>O carregamento inteligente e a recupera\u00e7\u00e3o autom\u00e1tica de falhas reduzem seus custos de manuten\u00e7\u00e3o<\/p>\t\t\t\t\t\t<\/div>\n\t\t\t\t<\/div>\n\t\t\t\t\t<\/div>\n\t\t<\/div>\n\t\t\t\t<div class=\"elementor-column elementor-col-50 elementor-top-column elementor-element elementor-element-9329191\" data-id=\"9329191\" data-element_type=\"column\">\n\t\t\t<div class=\"elementor-widget-wrap elementor-element-populated\">\n\t\t\t\t\t\t<div class=\"elementor-element elementor-element-74fc0ba elementor-widget elementor-widget-image\" data-id=\"74fc0ba\" data-element_type=\"widget\" data-widget_type=\"image.default\">\n\t\t\t\t<div class=\"elementor-widget-container\">\n\t\t\t<style>\/*! elementor - v3.19.0 - 29-01-2024 *\/\n.elementor-widget-image{text-align:center}.elementor-widget-image a{display:inline-block}.elementor-widget-image a img[src$=\".svg\"]{width:48px}.elementor-widget-image img{vertical-align:middle;display:inline-block}<\/style>\t\t\t\t\t\t\t\t\t\t<img fetchpriority=\"high\" decoding=\"async\" width=\"750\" height=\"750\" src=\"https:\/\/hbcmobility.com.br\/wp-content\/uploads\/2023\/05\/Commercial-Charging-Management-S-2.png\" class=\"attachment-full size-full wp-image-4887\" alt=\"\" srcset=\"https:\/\/hbcmobility.com.br\/wp-content\/uploads\/2023\/05\/Commercial-Charging-Management-S-2.png 750w, https:\/\/hbcmobility.com.br\/wp-content\/uploads\/2023\/05\/Commercial-Charging-Management-S-2-300x300.png 300w, https:\/\/hbcmobility.com.br\/wp-content\/uploads\/2023\/05\/Commercial-Charging-Management-S-2-150x150.png 150w, https:\/\/hbcmobility.com.br\/wp-content\/uploads\/2023\/05\/Commercial-Charging-Management-S-2-12x12.png 12w, https:\/\/hbcmobility.com.br\/wp-content\/uploads\/2023\/05\/Commercial-Charging-Management-S-2-285x285.png 285w, https:\/\/hbcmobility.com.br\/wp-content\/uploads\/2023\/05\/Commercial-Charging-Management-S-2-270x270.png 270w, https:\/\/hbcmobility.com.br\/wp-content\/uploads\/2023\/05\/Commercial-Charging-Management-S-2-540x540.png 540w, https:\/\/hbcmobility.com.br\/wp-content\/uploads\/2023\/05\/Commercial-Charging-Management-S-2-660x660.png 660w\" sizes=\"(max-width: 750px) 100vw, 750px\" \/>\t\t\t\t\t\t\t\t\t\t\t\t\t<\/div>\n\t\t\t\t<\/div>\n\t\t\t\t\t<\/div>\n\t\t<\/div>\n\t\t\t\t\t<\/div>\n\t\t<\/section>\n\t\t\t\t<section class=\"elementor-section elementor-top-section elementor-element elementor-element-d8ca1b8 elementor-section-boxed elementor-section-height-default elementor-section-height-default\" data-id=\"d8ca1b8\" data-element_type=\"section\">\n\t\t\t\t\t\t<div class=\"elementor-container elementor-column-gap-default\">\n\t\t\t\t\t<div class=\"elementor-column elementor-col-50 elementor-top-column elementor-element elementor-element-269a34a\" data-id=\"269a34a\" data-element_type=\"column\">\n\t\t\t<div class=\"elementor-widget-wrap elementor-element-populated\">\n\t\t\t\t\t\t<div class=\"elementor-element elementor-element-9693bed elementor-widget elementor-widget-image\" data-id=\"9693bed\" data-element_type=\"widget\" data-widget_type=\"image.default\">\n\t\t\t\t<div class=\"elementor-widget-container\">\n\t\t\t\t\t\t\t\t\t\t\t\t\t<img decoding=\"async\" width=\"750\" height=\"750\" src=\"https:\/\/hbcmobility.com.br\/wp-content\/uploads\/2023\/05\/Commercial-Charging-Management-S-1-1.png\" class=\"attachment-full size-full wp-image-4888\" alt=\"\" srcset=\"https:\/\/hbcmobility.com.br\/wp-content\/uploads\/2023\/05\/Commercial-Charging-Management-S-1-1.png 750w, https:\/\/hbcmobility.com.br\/wp-content\/uploads\/2023\/05\/Commercial-Charging-Management-S-1-1-300x300.png 300w, https:\/\/hbcmobility.com.br\/wp-content\/uploads\/2023\/05\/Commercial-Charging-Management-S-1-1-150x150.png 150w, https:\/\/hbcmobility.com.br\/wp-content\/uploads\/2023\/05\/Commercial-Charging-Management-S-1-1-12x12.png 12w, https:\/\/hbcmobility.com.br\/wp-content\/uploads\/2023\/05\/Commercial-Charging-Management-S-1-1-285x285.png 285w, https:\/\/hbcmobility.com.br\/wp-content\/uploads\/2023\/05\/Commercial-Charging-Management-S-1-1-270x270.png 270w, https:\/\/hbcmobility.com.br\/wp-content\/uploads\/2023\/05\/Commercial-Charging-Management-S-1-1-540x540.png 540w, https:\/\/hbcmobility.com.br\/wp-content\/uploads\/2023\/05\/Commercial-Charging-Management-S-1-1-660x660.png 660w\" sizes=\"(max-width: 750px) 100vw, 750px\" \/>\t\t\t\t\t\t\t\t\t\t\t\t\t<\/div>\n\t\t\t\t<\/div>\n\t\t\t\t\t<\/div>\n\t\t<\/div>\n\t\t\t\t<div class=\"elementor-column elementor-col-50 elementor-top-column elementor-element elementor-element-46f5ebe\" data-id=\"46f5ebe\" data-element_type=\"column\">\n\t\t\t<div class=\"elementor-widget-wrap elementor-element-populated\">\n\t\t\t\t\t\t<div class=\"elementor-element elementor-element-898090b elementor-widget elementor-widget-text-editor\" data-id=\"898090b\" data-element_type=\"widget\" data-widget_type=\"text-editor.default\">\n\t\t\t\t<div class=\"elementor-widget-container\">\n\t\t\t\t\t\t\t<p><strong>Sistema de gerenciamento avan\u00e7ado<\/strong><\/p>\n<div aria-live=\"polite\">\n<div data-language=\"en\" data-original-language=\"zh-CN\" data-result-index=\"0\">\n<div><span lang=\"en\"><span data-language-for-alternatives=\"en\" data-language-to-translate-into=\"zh-CN\" data-phrase-index=\"0\" data-number-of-phrases=\"2\">O HBC Mobility CCMS atende a todas as necessidades operacionais, como gerenciamento de locais de carregamento e carregadores, monitoramento em tempo real, gerenciamento de usu\u00e1rios, gerenciamento de manuten\u00e7\u00e3o.<\/span>&nbsp;<span data-language-for-alternatives=\"en\" data-language-to-translate-into=\"zh-CN\" data-phrase-index=\"1\" data-number-of-phrases=\"2\">.<\/span><\/span><\/div>\n<\/div>\n<\/div>\t\t\t\t\t\t<\/div>\n\t\t\t\t<\/div>\n\t\t\t\t\t<\/div>\n\t\t<\/div>\n\t\t\t\t\t<\/div>\n\t\t<\/section>\n\t\t\t\t<section class=\"elementor-section elementor-top-section elementor-element elementor-element-1f649bc elementor-section-boxed elementor-section-height-default elementor-section-height-default\" data-id=\"1f649bc\" data-element_type=\"section\">\n\t\t\t\t\t\t<div class=\"elementor-container elementor-column-gap-default\">\n\t\t\t\t\t<div class=\"elementor-column elementor-col-50 elementor-top-column elementor-element elementor-element-3466e16\" data-id=\"3466e16\" data-element_type=\"column\">\n\t\t\t<div class=\"elementor-widget-wrap elementor-element-populated\">\n\t\t\t\t\t\t<div class=\"elementor-element elementor-element-04bcba5 elementor-widget elementor-widget-text-editor\" data-id=\"04bcba5\" data-element_type=\"widget\" data-widget_type=\"text-editor.default\">\n\t\t\t\t<div class=\"elementor-widget-container\">\n\t\t\t\t\t\t\t<p><strong>Estrat\u00e9gias de cobran\u00e7a avan\u00e7adas e diversos descontos<\/strong><\/p><p>Estrat\u00e9gia de carregamento em tr\u00eas est\u00e1gios antes do carregamento, durante o carregamento e p\u00f3s-carregamento torna sua opera\u00e7\u00e3o mais eficiente e o carregamento mais preciso. Com m\u00e9todos de desconto diversificados, aumente as possibilidades do usu\u00e1rio e expanda mais cen\u00e1rios de aplica\u00e7\u00e3o comercial.<\/p>\t\t\t\t\t\t<\/div>\n\t\t\t\t<\/div>\n\t\t\t\t\t<\/div>\n\t\t<\/div>\n\t\t\t\t<div class=\"elementor-column elementor-col-50 elementor-top-column elementor-element elementor-element-311a9c0\" data-id=\"311a9c0\" data-element_type=\"column\">\n\t\t\t<div class=\"elementor-widget-wrap elementor-element-populated\">\n\t\t\t\t\t\t<div class=\"elementor-element elementor-element-97c57c8 elementor-widget elementor-widget-image\" data-id=\"97c57c8\" data-element_type=\"widget\" data-widget_type=\"image.default\">\n\t\t\t\t<div class=\"elementor-widget-container\">\n\t\t\t\t\t\t\t\t\t\t\t\t\t<img decoding=\"async\" width=\"750\" height=\"750\" src=\"https:\/\/hbcmobility.com.br\/wp-content\/uploads\/2023\/05\/Commercial-Charging-Management-S-2-1.png\" class=\"attachment-full size-full wp-image-4889\" alt=\"\" srcset=\"https:\/\/hbcmobility.com.br\/wp-content\/uploads\/2023\/05\/Commercial-Charging-Management-S-2-1.png 750w, https:\/\/hbcmobility.com.br\/wp-content\/uploads\/2023\/05\/Commercial-Charging-Management-S-2-1-300x300.png 300w, https:\/\/hbcmobility.com.br\/wp-content\/uploads\/2023\/05\/Commercial-Charging-Management-S-2-1-150x150.png 150w, https:\/\/hbcmobility.com.br\/wp-content\/uploads\/2023\/05\/Commercial-Charging-Management-S-2-1-12x12.png 12w, https:\/\/hbcmobility.com.br\/wp-content\/uploads\/2023\/05\/Commercial-Charging-Management-S-2-1-285x285.png 285w, https:\/\/hbcmobility.com.br\/wp-content\/uploads\/2023\/05\/Commercial-Charging-Management-S-2-1-270x270.png 270w, https:\/\/hbcmobility.com.br\/wp-content\/uploads\/2023\/05\/Commercial-Charging-Management-S-2-1-540x540.png 540w, https:\/\/hbcmobility.com.br\/wp-content\/uploads\/2023\/05\/Commercial-Charging-Management-S-2-1-660x660.png 660w\" sizes=\"(max-width: 750px) 100vw, 750px\" \/>\t\t\t\t\t\t\t\t\t\t\t\t\t<\/div>\n\t\t\t\t<\/div>\n\t\t\t\t\t<\/div>\n\t\t<\/div>\n\t\t\t\t\t<\/div>\n\t\t<\/section>\n\t\t\t\t<section class=\"elementor-section elementor-top-section elementor-element elementor-element-3171583 elementor-section-boxed elementor-section-height-default elementor-section-height-default\" data-id=\"3171583\" data-element_type=\"section\">\n\t\t\t\t\t\t<div class=\"elementor-container elementor-column-gap-default\">\n\t\t\t\t\t<div class=\"elementor-column elementor-col-50 elementor-top-column elementor-element elementor-element-8ef8c8b\" data-id=\"8ef8c8b\" data-element_type=\"column\">\n\t\t\t<div class=\"elementor-widget-wrap elementor-element-populated\">\n\t\t\t\t\t\t<div class=\"elementor-element elementor-element-f0b786f elementor-widget elementor-widget-image\" data-id=\"f0b786f\" data-element_type=\"widget\" data-widget_type=\"image.default\">\n\t\t\t\t<div class=\"elementor-widget-container\">\n\t\t\t\t\t\t\t\t\t\t\t\t\t<img loading=\"lazy\" decoding=\"async\" width=\"750\" height=\"750\" src=\"https:\/\/hbcmobility.com.br\/wp-content\/uploads\/2023\/05\/Commercial-Charging-Management-S-4.png\" class=\"attachment-full size-full wp-image-4891\" alt=\"\" srcset=\"https:\/\/hbcmobility.com.br\/wp-content\/uploads\/2023\/05\/Commercial-Charging-Management-S-4.png 750w, https:\/\/hbcmobility.com.br\/wp-content\/uploads\/2023\/05\/Commercial-Charging-Management-S-4-300x300.png 300w, https:\/\/hbcmobility.com.br\/wp-content\/uploads\/2023\/05\/Commercial-Charging-Management-S-4-150x150.png 150w, https:\/\/hbcmobility.com.br\/wp-content\/uploads\/2023\/05\/Commercial-Charging-Management-S-4-12x12.png 12w, https:\/\/hbcmobility.com.br\/wp-content\/uploads\/2023\/05\/Commercial-Charging-Management-S-4-285x285.png 285w, https:\/\/hbcmobility.com.br\/wp-content\/uploads\/2023\/05\/Commercial-Charging-Management-S-4-270x270.png 270w, https:\/\/hbcmobility.com.br\/wp-content\/uploads\/2023\/05\/Commercial-Charging-Management-S-4-540x540.png 540w, https:\/\/hbcmobility.com.br\/wp-content\/uploads\/2023\/05\/Commercial-Charging-Management-S-4-660x660.png 660w\" sizes=\"(max-width: 750px) 100vw, 750px\" \/>\t\t\t\t\t\t\t\t\t\t\t\t\t<\/div>\n\t\t\t\t<\/div>\n\t\t\t\t\t<\/div>\n\t\t<\/div>\n\t\t\t\t<div class=\"elementor-column elementor-col-50 elementor-top-column elementor-element elementor-element-d55a0f1\" data-id=\"d55a0f1\" data-element_type=\"column\">\n\t\t\t<div class=\"elementor-widget-wrap elementor-element-populated\">\n\t\t\t\t\t\t<div class=\"elementor-element elementor-element-02ef8dc elementor-widget elementor-widget-text-editor\" data-id=\"02ef8dc\" data-element_type=\"widget\" data-widget_type=\"text-editor.default\">\n\t\t\t\t<div class=\"elementor-widget-container\">\n\t\t\t\t\t\t\t<p><strong>Aplicativo m\u00f3vel HBC Mobility<\/strong><\/p><p>Mapa em tempo real dos locais das esta\u00e7\u00f5es de carregamento<\/p><p>Navega\u00e7\u00e3o at\u00e9 o local de recarga<\/p><p>Iniciar e interromper o carregamento por meio do cart\u00e3o RFID ou do aplicativo<\/p><p>Monitore o status do carregamento<\/p><p>Pagamento separado entre ve\u00edculo particular e ve\u00edculo da empresa<\/p><p>N\u00edvel VIP para desfrutar de mais servi\u00e7os e descontos<\/p><p>Exibir o status do cupom de desconto e do voucher<\/p>\t\t\t\t\t\t<\/div>\n\t\t\t\t<\/div>\n\t\t\t\t<section class=\"elementor-section elementor-inner-section elementor-element elementor-element-6f6398b elementor-section-boxed elementor-section-height-default elementor-section-height-default\" data-id=\"6f6398b\" data-element_type=\"section\">\n\t\t\t\t\t\t<div class=\"elementor-container elementor-column-gap-default\">\n\t\t\t\t\t<div class=\"elementor-column elementor-col-50 elementor-inner-column elementor-element elementor-element-57ecc58\" data-id=\"57ecc58\" data-element_type=\"column\">\n\t\t\t<div class=\"elementor-widget-wrap elementor-element-populated\">\n\t\t\t\t\t\t<div class=\"elementor-element elementor-element-71f5a38 elementor-hidden-desktop elementor-hidden-tablet elementor-hidden-mobile elementor-widget elementor-widget-image\" data-id=\"71f5a38\" data-element_type=\"widget\" data-widget_type=\"image.default\">\n\t\t\t\t<div class=\"elementor-widget-container\">\n\t\t\t\t\t\t\t\t\t\t\t\t\t\t<a href=\"https:\/\/play.google.com\/store\/apps\/dev?id=6686573058493958206\" rel=\"nofollow noopener\" target=\"_blank\">\n\t\t\t\t\t\t\t<img loading=\"lazy\" decoding=\"async\" width=\"201\" height=\"98\" src=\"https:\/\/hbcmobility.com.br\/wp-content\/uploads\/2023\/05\/14.jpg\" class=\"attachment-full size-full wp-image-3828\" alt=\"\" srcset=\"https:\/\/hbcmobility.com.br\/wp-content\/uploads\/2023\/05\/14.jpg 201w, https:\/\/hbcmobility.com.br\/wp-content\/uploads\/2023\/05\/14-150x73.jpg 150w\" sizes=\"(max-width: 201px) 100vw, 201px\" \/>\t\t\t\t\t\t\t\t<\/a>\n\t\t\t\t\t\t\t\t\t\t\t\t\t<\/div>\n\t\t\t\t<\/div>\n\t\t\t\t\t<\/div>\n\t\t<\/div>\n\t\t\t\t<div class=\"elementor-column elementor-col-50 elementor-inner-column elementor-element elementor-element-3175979\" data-id=\"3175979\" data-element_type=\"column\">\n\t\t\t<div class=\"elementor-widget-wrap elementor-element-populated\">\n\t\t\t\t\t\t<div class=\"elementor-element elementor-element-dfa7bdf elementor-hidden-desktop elementor-hidden-tablet elementor-hidden-mobile elementor-widget elementor-widget-image\" data-id=\"dfa7bdf\" data-element_type=\"widget\" data-widget_type=\"image.default\">\n\t\t\t\t<div class=\"elementor-widget-container\">\n\t\t\t\t\t\t\t\t\t\t\t\t\t\t<a href=\"https:\/\/apps.apple.com\/us\/app\/iocharger\/id1490831585\" rel=\"nofollow noopener\" target=\"_blank\">\n\t\t\t\t\t\t\t<img loading=\"lazy\" decoding=\"async\" width=\"207\" height=\"98\" src=\"https:\/\/hbcmobility.com.br\/wp-content\/uploads\/2023\/05\/13.jpg\" class=\"attachment-full size-full wp-image-3827\" alt=\"\" srcset=\"https:\/\/hbcmobility.com.br\/wp-content\/uploads\/2023\/05\/13.jpg 207w, https:\/\/hbcmobility.com.br\/wp-content\/uploads\/2023\/05\/13-150x71.jpg 150w\" sizes=\"(max-width: 207px) 100vw, 207px\" \/>\t\t\t\t\t\t\t\t<\/a>\n\t\t\t\t\t\t\t\t\t\t\t\t\t<\/div>\n\t\t\t\t<\/div>\n\t\t\t\t\t<\/div>\n\t\t<\/div>\n\t\t\t\t\t<\/div>\n\t\t<\/section>\n\t\t\t\t\t<\/div>\n\t\t<\/div>\n\t\t\t\t\t<\/div>\n\t\t<\/section>\n\t\t\t\t<\/div>","protected":false},"excerpt":{"rendered":"<div class=\"pro_main_text clearfix\">\n<div class=\"pro_main_text clearfix\">\n<div class=\"pro_main_text clearfix\">\n<div class=\"pro_main_text clearfix\">\n<div class=\"pro_main_text clearfix\">\n<div class=\"pro_main_text clearfix\">\n<div class=\"pro_main_text clearfix\">\n<div class=\"pro_main_text clearfix\">\n<p class=\"\">Uma plataforma avan\u00e7ada para o gerenciamento de recursos e equipamentos de recarga.<\/p>\n<\/div>\n<ul class=\"clearfix\">\n<li>Gerenciamento de dispositivos<\/li>\n<li>Monitoramento em tempo real<\/li>\n<li>Gerenciamento de usu\u00e1rios<\/li>\n<li>Gerenciamento de cart\u00f5es RFID<\/li>\n<li>Gerenciamento de balanceamento de carga<\/li>\n<li>Gerenciamento de firmware<\/li>\n<li>Registro de carregamento<\/li>\n<li>Gerenciamento de ve\u00edculos<\/li>\n<li>Suboperador<\/li>\n<li>Gerenciamento de falhas<\/li>\n<\/ul>\n<\/div>\n<\/div>\n<\/div>\n<\/div>\n<\/div>\n<\/div>\n<\/div>","protected":false},"featured_media":4882,"template":"","meta":[],"product_cat":[102],"product_tag":[92,91,90],"_links":{"self":[{"href":"https:\/\/hbcmobility.com.br\/br\/wp-json\/wp\/v2\/product\/2134"}],"collection":[{"href":"https:\/\/hbcmobility.com.br\/br\/wp-json\/wp\/v2\/product"}],"about":[{"href":"https:\/\/hbcmobility.com.br\/br\/wp-json\/wp\/v2\/types\/product"}],"version-history":[{"count":31,"href":"https:\/\/hbcmobility.com.br\/br\/wp-json\/wp\/v2\/product\/2134\/revisions"}],"predecessor-version":[{"id":6081,"href":"https:\/\/hbcmobility.com.br\/br\/wp-json\/wp\/v2\/product\/2134\/revisions\/6081"}],"wp:featuredmedia":[{"embeddable":true,"href":"https:\/\/hbcmobility.com.br\/br\/wp-json\/wp\/v2\/media\/4882"}],"wp:attachment":[{"href":"https:\/\/hbcmobility.com.br\/br\/wp-json\/wp\/v2\/media?parent=2134"}],"wp:term":[{"taxonomy":"product_cat","embeddable":true,"href":"https:\/\/hbcmobility.com.br\/br\/wp-json\/wp\/v2\/product_cat?post=2134"},{"taxonomy":"product_tag","embeddable":true,"href":"https:\/\/hbcmobility.com.br\/br\/wp-json\/wp\/v2\/product_tag?post=2134"}],"curies":[{"name":"wp","href":"https:\/\/api.w.org\/{rel}","templated":true}]}}