{"id":3131,"date":"2023-07-18T08:21:47","date_gmt":"2023-07-18T08:21:47","guid":{"rendered":"https:\/\/site.hbcmobility.com.br\/?page_id=3131"},"modified":"2024-02-12T14:12:12","modified_gmt":"2024-02-12T17:12:12","slug":"energy-storage","status":"publish","type":"page","link":"https:\/\/hbcmobility.com.br\/br\/energy-storage\/","title":{"rendered":"Armazenamento de energia"},"content":{"rendered":"<div data-elementor-type=\"wp-page\" data-elementor-id=\"3131\" class=\"elementor elementor-3131\">\n\t\t\t\t\t\t<section class=\"elementor-section elementor-top-section elementor-element elementor-element-1258832 elementor-section-boxed elementor-section-height-default elementor-section-height-default\" data-id=\"1258832\" data-element_type=\"section\">\n\t\t\t\t\t\t<div class=\"elementor-container elementor-column-gap-default\">\n\t\t\t\t\t<div class=\"elementor-column elementor-col-100 elementor-top-column elementor-element elementor-element-39cfc01\" data-id=\"39cfc01\" data-element_type=\"column\">\n\t\t\t<div class=\"elementor-widget-wrap elementor-element-populated\">\n\t\t\t\t\t\t<div class=\"elementor-element elementor-element-fed082d elementor-widget elementor-widget-text-editor\" data-id=\"fed082d\" data-element_type=\"widget\" data-widget_type=\"text-editor.default\">\n\t\t\t\t<div class=\"elementor-widget-container\">\n\t\t\t<style>\/*! elementor - v3.19.0 - 29-01-2024 *\/\n.elementor-widget-text-editor.elementor-drop-cap-view-stacked .elementor-drop-cap{background-color:#69727d;color:#fff}.elementor-widget-text-editor.elementor-drop-cap-view-framed .elementor-drop-cap{color:#69727d;border:3px solid;background-color:transparent}.elementor-widget-text-editor:not(.elementor-drop-cap-view-default) .elementor-drop-cap{margin-top:8px}.elementor-widget-text-editor:not(.elementor-drop-cap-view-default) .elementor-drop-cap-letter{width:1em;height:1em}.elementor-widget-text-editor .elementor-drop-cap{float:left;text-align:center;line-height:1;font-size:50px}.elementor-widget-text-editor .elementor-drop-cap-letter{display:inline-block}<\/style>\t\t\t\t<h2>Residencial<\/h2><p>Armazene o excedente de energia da rede el\u00e9trica ou solar para quando voc\u00ea mais precisar, economizando sua conta de eletricidade no processo.<\/p>\t\t\t\t\t\t<\/div>\n\t\t\t\t<\/div>\n\t\t\t\t\t<\/div>\n\t\t<\/div>\n\t\t\t\t\t<\/div>\n\t\t<\/section>\n\t\t\t\t<section class=\"elementor-section elementor-top-section elementor-element elementor-element-84f5dda elementor-section-boxed elementor-section-height-default elementor-section-height-default\" data-id=\"84f5dda\" data-element_type=\"section\">\n\t\t\t\t\t\t<div class=\"elementor-container elementor-column-gap-default\">\n\t\t\t\t\t<div class=\"elementor-column elementor-col-50 elementor-top-column elementor-element elementor-element-b21df99\" data-id=\"b21df99\" data-element_type=\"column\">\n\t\t\t<div class=\"elementor-widget-wrap elementor-element-populated\">\n\t\t\t\t\t\t<div class=\"elementor-element elementor-element-7706d52 elementor-widget elementor-widget-image\" data-id=\"7706d52\" data-element_type=\"widget\" data-widget_type=\"image.default\">\n\t\t\t\t<div class=\"elementor-widget-container\">\n\t\t\t<style>\/*! elementor - v3.19.0 - 29-01-2024 *\/\n.elementor-widget-image{text-align:center}.elementor-widget-image a{display:inline-block}.elementor-widget-image a img[src$=\".svg\"]{width:48px}.elementor-widget-image img{vertical-align:middle;display:inline-block}<\/style>\t\t\t\t\t\t\t\t\t\t<img fetchpriority=\"high\" decoding=\"async\" width=\"750\" height=\"750\" src=\"https:\/\/hbcmobility.com.br\/wp-content\/uploads\/2024\/02\/15-1.png\" class=\"attachment-full size-full wp-image-5029\" alt=\"\" srcset=\"https:\/\/hbcmobility.com.br\/wp-content\/uploads\/2024\/02\/15-1.png 750w, https:\/\/hbcmobility.com.br\/wp-content\/uploads\/2024\/02\/15-1-300x300.png 300w, https:\/\/hbcmobility.com.br\/wp-content\/uploads\/2024\/02\/15-1-150x150.png 150w, https:\/\/hbcmobility.com.br\/wp-content\/uploads\/2024\/02\/15-1-12x12.png 12w, https:\/\/hbcmobility.com.br\/wp-content\/uploads\/2024\/02\/15-1-285x285.png 285w, https:\/\/hbcmobility.com.br\/wp-content\/uploads\/2024\/02\/15-1-270x270.png 270w, https:\/\/hbcmobility.com.br\/wp-content\/uploads\/2024\/02\/15-1-540x540.png 540w, https:\/\/hbcmobility.com.br\/wp-content\/uploads\/2024\/02\/15-1-660x660.png 660w\" sizes=\"(max-width: 750px) 100vw, 750px\" \/>\t\t\t\t\t\t\t\t\t\t\t\t\t<\/div>\n\t\t\t\t<\/div>\n\t\t\t\t\t<\/div>\n\t\t<\/div>\n\t\t\t\t<div class=\"elementor-column elementor-col-50 elementor-top-column elementor-element elementor-element-7f35802\" data-id=\"7f35802\" data-element_type=\"column\">\n\t\t\t<div class=\"elementor-widget-wrap elementor-element-populated\">\n\t\t\t\t\t\t<div class=\"elementor-element elementor-element-03345fb elementor-widget elementor-widget-text-editor\" data-id=\"03345fb\" data-element_type=\"widget\" data-widget_type=\"text-editor.default\">\n\t\t\t\t<div class=\"elementor-widget-container\">\n\t\t\t\t\t\t\t<p><strong>Armazenamento de Energia<\/strong><\/p><p>Excelente desempenho de armazenamento de energia, armazena energia da rede el\u00e9trica ou solar.<\/p><p><strong><b>Independ\u00eancia energ\u00e9tica<\/b><\/strong><\/p><p>Sem medo de quedas de energia, use a energia armazenada a qualquer momento para alimentar sua casa.<\/p><p><strong><b>Seguran\u00e7a<\/b><\/strong><\/p><p>Medidas de seguran\u00e7a inigual\u00e1veis que priorizam a prote\u00e7\u00e3o de sua fam\u00edlia e de seu investimento.<\/p><p><strong><b>Monitoramento em tempo real<\/b><\/strong><\/p><p>Gerencie facilmente sua produ\u00e7\u00e3o e consumo de energia com o aplicativo m\u00f3vel HBC Mobility.<\/p>\t\t\t\t\t\t<\/div>\n\t\t\t\t<\/div>\n\t\t\t\t\t<\/div>\n\t\t<\/div>\n\t\t\t\t\t<\/div>\n\t\t<\/section>\n\t\t\t\t<section class=\"elementor-section elementor-top-section elementor-element elementor-element-51fede2 elementor-section-boxed elementor-section-height-default elementor-section-height-default\" data-id=\"51fede2\" data-element_type=\"section\">\n\t\t\t\t\t\t<div class=\"elementor-container elementor-column-gap-default\">\n\t\t\t\t\t<div class=\"elementor-column elementor-col-100 elementor-top-column elementor-element elementor-element-538c6f6\" data-id=\"538c6f6\" data-element_type=\"column\">\n\t\t\t<div class=\"elementor-widget-wrap elementor-element-populated\">\n\t\t\t\t\t\t<div class=\"elementor-element elementor-element-4ff6566 elementor-widget elementor-widget-text-editor\" data-id=\"4ff6566\" data-element_type=\"widget\" data-widget_type=\"text-editor.default\">\n\t\t\t\t<div class=\"elementor-widget-container\">\n\t\t\t\t\t\t\t<p>Ajudar a reduzir os custos de energia, a depend\u00eancia da rede el\u00e9trica e as emiss\u00e3o de g\u00e1s de carbono de sua casa.<\/p>\t\t\t\t\t\t<\/div>\n\t\t\t\t<\/div>\n\t\t\t\t<div class=\"elementor-element elementor-element-fb867d3 elementor-widget elementor-widget-button\" data-id=\"fb867d3\" data-element_type=\"widget\" data-widget_type=\"button.default\">\n\t\t\t\t<div class=\"elementor-widget-container\">\n\t\t\t\t\t<div class=\"elementor-button-wrapper\">\n\t\t\t<a class=\"elementor-button elementor-button-link elementor-size-md\" href=\"https:\/\/site.hbcmobility.com.br\/5-12kwh-10-24kwh-home-energy-storage-battery-ess\/\">\n\t\t\t\t\t\t<span class=\"elementor-button-content-wrapper\">\n\t\t\t\t\t\t<span class=\"elementor-button-text\">Visualizar Armazenamento de energia residencial <\/span>\n\t\t<\/span>\n\t\t\t\t\t<\/a>\n\t\t<\/div>\n\t\t\t\t<\/div>\n\t\t\t\t<\/div>\n\t\t\t\t\t<\/div>\n\t\t<\/div>\n\t\t\t\t\t<\/div>\n\t\t<\/section>\n\t\t\t\t<section class=\"elementor-section elementor-top-section elementor-element elementor-element-f69c868 elementor-section-boxed elementor-section-height-default elementor-section-height-default\" data-id=\"f69c868\" data-element_type=\"section\">\n\t\t\t\t\t\t<div class=\"elementor-container elementor-column-gap-default\">\n\t\t\t\t\t<div class=\"elementor-column elementor-col-100 elementor-top-column elementor-element elementor-element-65ff641\" data-id=\"65ff641\" data-element_type=\"column\">\n\t\t\t<div class=\"elementor-widget-wrap elementor-element-populated\">\n\t\t\t\t\t\t<div class=\"elementor-element elementor-element-293bb03 elementor-widget elementor-widget-image\" data-id=\"293bb03\" data-element_type=\"widget\" data-widget_type=\"image.default\">\n\t\t\t\t<div class=\"elementor-widget-container\">\n\t\t\t\t\t\t\t\t\t\t\t\t\t<img decoding=\"async\" width=\"1920\" height=\"500\" src=\"https:\/\/hbcmobility.com.br\/wp-content\/uploads\/2024\/02\/home-energy-storage.png\" class=\"attachment-full size-full wp-image-5030\" alt=\"\" srcset=\"https:\/\/hbcmobility.com.br\/wp-content\/uploads\/2024\/02\/home-energy-storage.png 1920w, https:\/\/hbcmobility.com.br\/wp-content\/uploads\/2024\/02\/home-energy-storage-300x78.png 300w, https:\/\/hbcmobility.com.br\/wp-content\/uploads\/2024\/02\/home-energy-storage-1024x267.png 1024w, https:\/\/hbcmobility.com.br\/wp-content\/uploads\/2024\/02\/home-energy-storage-768x200.png 768w, https:\/\/hbcmobility.com.br\/wp-content\/uploads\/2024\/02\/home-energy-storage-1536x400.png 1536w, https:\/\/hbcmobility.com.br\/wp-content\/uploads\/2024\/02\/home-energy-storage-18x5.png 18w, https:\/\/hbcmobility.com.br\/wp-content\/uploads\/2024\/02\/home-energy-storage-285x74.png 285w, https:\/\/hbcmobility.com.br\/wp-content\/uploads\/2024\/02\/home-energy-storage-1600x417.png 1600w, https:\/\/hbcmobility.com.br\/wp-content\/uploads\/2024\/02\/home-energy-storage-660x172.png 660w, https:\/\/hbcmobility.com.br\/wp-content\/uploads\/2024\/02\/home-energy-storage-150x39.png 150w\" sizes=\"(max-width: 1920px) 100vw, 1920px\" \/>\t\t\t\t\t\t\t\t\t\t\t\t\t<\/div>\n\t\t\t\t<\/div>\n\t\t\t\t\t<\/div>\n\t\t<\/div>\n\t\t\t\t\t<\/div>\n\t\t<\/section>\n\t\t\t\t<section class=\"elementor-section elementor-top-section elementor-element elementor-element-433a6fc elementor-section-boxed elementor-section-height-default elementor-section-height-default\" data-id=\"433a6fc\" data-element_type=\"section\" data-settings=\"{&quot;background_background&quot;:&quot;classic&quot;}\">\n\t\t\t\t\t\t<div class=\"elementor-container elementor-column-gap-default\">\n\t\t\t\t\t<div class=\"elementor-column elementor-col-100 elementor-top-column elementor-element elementor-element-332e52f\" data-id=\"332e52f\" data-element_type=\"column\">\n\t\t\t<div class=\"elementor-widget-wrap elementor-element-populated\">\n\t\t\t\t\t\t<div class=\"elementor-element elementor-element-f6ac8f0 elementor-widget elementor-widget-text-editor\" data-id=\"f6ac8f0\" data-element_type=\"widget\" data-widget_type=\"text-editor.default\">\n\t\t\t\t<div class=\"elementor-widget-container\">\n\t\t\t\t\t\t\t<h2>Industrial e comercial<\/h2><p>Armazene energia para sua empresa com um sistema de armazenamento de baterias All-in-one e forne\u00e7a uma fonte de energia confi\u00e1vel para sua empresa.<\/p>\t\t\t\t\t\t<\/div>\n\t\t\t\t<\/div>\n\t\t\t\t\t<\/div>\n\t\t<\/div>\n\t\t\t\t\t<\/div>\n\t\t<\/section>\n\t\t\t\t<section class=\"elementor-section elementor-top-section elementor-element elementor-element-117724e elementor-section-boxed elementor-section-height-default elementor-section-height-default\" data-id=\"117724e\" data-element_type=\"section\" data-settings=\"{&quot;background_background&quot;:&quot;classic&quot;}\">\n\t\t\t\t\t\t<div class=\"elementor-container elementor-column-gap-default\">\n\t\t\t\t\t<div class=\"elementor-column elementor-col-50 elementor-top-column elementor-element elementor-element-2e42570\" data-id=\"2e42570\" data-element_type=\"column\">\n\t\t\t<div class=\"elementor-widget-wrap elementor-element-populated\">\n\t\t\t\t\t\t<div class=\"elementor-element elementor-element-38c7ac0 elementor-widget elementor-widget-image\" data-id=\"38c7ac0\" data-element_type=\"widget\" data-widget_type=\"image.default\">\n\t\t\t\t<div class=\"elementor-widget-container\">\n\t\t\t\t\t\t\t\t\t\t\t\t\t<img decoding=\"async\" width=\"750\" height=\"750\" src=\"https:\/\/hbcmobility.com.br\/wp-content\/uploads\/2024\/02\/15-6.png\" class=\"attachment-full size-full wp-image-5031\" alt=\"\" srcset=\"https:\/\/hbcmobility.com.br\/wp-content\/uploads\/2024\/02\/15-6.png 750w, https:\/\/hbcmobility.com.br\/wp-content\/uploads\/2024\/02\/15-6-300x300.png 300w, https:\/\/hbcmobility.com.br\/wp-content\/uploads\/2024\/02\/15-6-150x150.png 150w, https:\/\/hbcmobility.com.br\/wp-content\/uploads\/2024\/02\/15-6-12x12.png 12w, https:\/\/hbcmobility.com.br\/wp-content\/uploads\/2024\/02\/15-6-285x285.png 285w, https:\/\/hbcmobility.com.br\/wp-content\/uploads\/2024\/02\/15-6-270x270.png 270w, https:\/\/hbcmobility.com.br\/wp-content\/uploads\/2024\/02\/15-6-540x540.png 540w, https:\/\/hbcmobility.com.br\/wp-content\/uploads\/2024\/02\/15-6-660x660.png 660w\" sizes=\"(max-width: 750px) 100vw, 750px\" \/>\t\t\t\t\t\t\t\t\t\t\t\t\t<\/div>\n\t\t\t\t<\/div>\n\t\t\t\t\t<\/div>\n\t\t<\/div>\n\t\t\t\t<div class=\"elementor-column elementor-col-50 elementor-top-column elementor-element elementor-element-df01ab9\" data-id=\"df01ab9\" data-element_type=\"column\">\n\t\t\t<div class=\"elementor-widget-wrap elementor-element-populated\">\n\t\t\t\t\t\t<div class=\"elementor-element elementor-element-ac98889 elementor-widget elementor-widget-text-editor\" data-id=\"ac98889\" data-element_type=\"widget\" data-widget_type=\"text-editor.default\">\n\t\t\t\t<div class=\"elementor-widget-container\">\n\t\t\t\t\t\t\t<p><strong><b>Solu\u00e7\u00f5es de fornecimento de energia<\/b><\/strong><\/p><p>Fornecendo solu\u00e7\u00f5es de fornecimento de energia flex\u00edveis e confi\u00e1veis.<\/p><p><strong><b>Solu\u00e7\u00e3o modular integrada<\/b><\/strong><\/p><p>A solu\u00e7\u00e3o modular integrada, com uma capacidade m\u00e1xima de m\u00f3dulo de 225 kWh, permite uma instala\u00e7\u00e3o r\u00e1pida e minimiza a manuten\u00e7\u00e3o de falhas locais.<\/p><p><strong><b>Reduzir o custo de energia <\/b><\/strong><\/p><p>Otimizar o uso de energia, reduzir os encargos nos hor\u00e1rios de pico e permitir a utiliza\u00e7\u00e3o eficiente de recursos de energia renov\u00e1vel.<strong><b>\u00a0<\/b><\/strong><\/p><p><strong><b>Seguran\u00e7a<\/b><\/strong><\/p><p>Medidas de seguran\u00e7a inigual\u00e1veis que priorizam a prote\u00e7\u00e3o de seus neg\u00f3cios e investimentos.<\/p>\t\t\t\t\t\t<\/div>\n\t\t\t\t<\/div>\n\t\t\t\t\t<\/div>\n\t\t<\/div>\n\t\t\t\t\t<\/div>\n\t\t<\/section>\n\t\t\t\t<section class=\"elementor-section elementor-top-section elementor-element elementor-element-726deb2 elementor-section-boxed elementor-section-height-default elementor-section-height-default\" data-id=\"726deb2\" data-element_type=\"section\" data-settings=\"{&quot;background_background&quot;:&quot;classic&quot;}\">\n\t\t\t\t\t\t<div class=\"elementor-container elementor-column-gap-default\">\n\t\t\t\t\t<div class=\"elementor-column elementor-col-100 elementor-top-column elementor-element elementor-element-af82de5\" data-id=\"af82de5\" data-element_type=\"column\">\n\t\t\t<div class=\"elementor-widget-wrap elementor-element-populated\">\n\t\t\t\t\t\t<div class=\"elementor-element elementor-element-22b375f elementor-widget elementor-widget-text-editor\" data-id=\"22b375f\" data-element_type=\"widget\" data-widget_type=\"text-editor.default\">\n\t\t\t\t<div class=\"elementor-widget-container\">\n\t\t\t\t\t\t\t<p>Contribuir para a economia de custos, o aprimoramento do gerenciamento de energia, o aumento da resili\u00eancia da rede e a pr\u00e1ticas de energia sustent\u00e1vel para sua empresa.<\/p>\t\t\t\t\t\t<\/div>\n\t\t\t\t<\/div>\n\t\t\t\t<div class=\"elementor-element elementor-element-2247f12 elementor-widget elementor-widget-button\" data-id=\"2247f12\" data-element_type=\"widget\" data-widget_type=\"button.default\">\n\t\t\t\t<div class=\"elementor-widget-container\">\n\t\t\t\t\t<div class=\"elementor-button-wrapper\">\n\t\t\t<a class=\"elementor-button elementor-button-link elementor-size-md\" href=\"https:\/\/site.hbcmobility.com.br\/200kwh-integrated-with-hybrid-inverter-commercial-energy-storage-system\/\">\n\t\t\t\t\t\t<span class=\"elementor-button-content-wrapper\">\n\t\t\t\t\t\t<span class=\"elementor-button-text\">Visualizar Armazenamento de energia comercial <\/span>\n\t\t<\/span>\n\t\t\t\t\t<\/a>\n\t\t<\/div>\n\t\t\t\t<\/div>\n\t\t\t\t<\/div>\n\t\t\t\t\t<\/div>\n\t\t<\/div>\n\t\t\t\t\t<\/div>\n\t\t<\/section>\n\t\t\t\t<section class=\"elementor-section elementor-top-section elementor-element elementor-element-23581af elementor-section-boxed elementor-section-height-default elementor-section-height-default\" data-id=\"23581af\" data-element_type=\"section\" data-settings=\"{&quot;background_background&quot;:&quot;classic&quot;}\">\n\t\t\t\t\t\t<div class=\"elementor-container elementor-column-gap-default\">\n\t\t\t\t\t<div class=\"elementor-column elementor-col-100 elementor-top-column elementor-element elementor-element-3f0000c\" data-id=\"3f0000c\" data-element_type=\"column\">\n\t\t\t<div class=\"elementor-widget-wrap elementor-element-populated\">\n\t\t\t\t\t\t<div class=\"elementor-element elementor-element-a452f64 elementor-widget elementor-widget-image\" data-id=\"a452f64\" data-element_type=\"widget\" data-widget_type=\"image.default\">\n\t\t\t\t<div class=\"elementor-widget-container\">\n\t\t\t\t\t\t\t\t\t\t\t\t\t<img loading=\"lazy\" decoding=\"async\" width=\"1162\" height=\"349\" src=\"https:\/\/hbcmobility.com.br\/wp-content\/uploads\/2024\/02\/Energy-storage2-e1692698318821.png\" class=\"attachment-full size-full wp-image-5032\" alt=\"\" srcset=\"https:\/\/hbcmobility.com.br\/wp-content\/uploads\/2024\/02\/Energy-storage2-e1692698318821.png 1162w, https:\/\/hbcmobility.com.br\/wp-content\/uploads\/2024\/02\/Energy-storage2-e1692698318821-300x90.png 300w, https:\/\/hbcmobility.com.br\/wp-content\/uploads\/2024\/02\/Energy-storage2-e1692698318821-1024x308.png 1024w, https:\/\/hbcmobility.com.br\/wp-content\/uploads\/2024\/02\/Energy-storage2-e1692698318821-768x231.png 768w, https:\/\/hbcmobility.com.br\/wp-content\/uploads\/2024\/02\/Energy-storage2-e1692698318821-18x5.png 18w, https:\/\/hbcmobility.com.br\/wp-content\/uploads\/2024\/02\/Energy-storage2-e1692698318821-285x86.png 285w, https:\/\/hbcmobility.com.br\/wp-content\/uploads\/2024\/02\/Energy-storage2-e1692698318821-660x198.png 660w, https:\/\/hbcmobility.com.br\/wp-content\/uploads\/2024\/02\/Energy-storage2-e1692698318821-150x45.png 150w\" sizes=\"(max-width: 1162px) 100vw, 1162px\" \/>\t\t\t\t\t\t\t\t\t\t\t\t\t<\/div>\n\t\t\t\t<\/div>\n\t\t\t\t\t<\/div>\n\t\t<\/div>\n\t\t\t\t\t<\/div>\n\t\t<\/section>\n\t\t\t\t<\/div>","protected":false},"excerpt":{"rendered":"<p>Residencial Armazene o excedente de energia da rede el\u00e9trica ou solar para quando voc\u00ea mais precisar, enquanto economiza sua conta de eletricidade...<\/p>","protected":false},"author":1,"featured_media":0,"parent":0,"menu_order":0,"comment_status":"closed","ping_status":"closed","template":"elementor_header_footer","meta":{"footnotes":""},"_links":{"self":[{"href":"https:\/\/hbcmobility.com.br\/br\/wp-json\/wp\/v2\/pages\/3131"}],"collection":[{"href":"https:\/\/hbcmobility.com.br\/br\/wp-json\/wp\/v2\/pages"}],"about":[{"href":"https:\/\/hbcmobility.com.br\/br\/wp-json\/wp\/v2\/types\/page"}],"author":[{"embeddable":true,"href":"https:\/\/hbcmobility.com.br\/br\/wp-json\/wp\/v2\/users\/1"}],"replies":[{"embeddable":true,"href":"https:\/\/hbcmobility.com.br\/br\/wp-json\/wp\/v2\/comments?post=3131"}],"version-history":[{"count":15,"href":"https:\/\/hbcmobility.com.br\/br\/wp-json\/wp\/v2\/pages\/3131\/revisions"}],"predecessor-version":[{"id":5262,"href":"https:\/\/hbcmobility.com.br\/br\/wp-json\/wp\/v2\/pages\/3131\/revisions\/5262"}],"wp:attachment":[{"href":"https:\/\/hbcmobility.com.br\/br\/wp-json\/wp\/v2\/media?parent=3131"}],"curies":[{"name":"wp","href":"https:\/\/api.w.org\/{rel}","templated":true}]}}