{"id":3126,"date":"2023-07-18T08:20:07","date_gmt":"2023-07-18T08:20:07","guid":{"rendered":"https:\/\/site.hbcmobility.com.br\/?page_id=3126"},"modified":"2024-02-17T17:22:40","modified_gmt":"2024-02-17T20:22:40","slug":"dynamic-load-balancing","status":"publish","type":"page","link":"https:\/\/hbcmobility.com.br\/br\/dynamic-load-balancing\/","title":{"rendered":"Balanceamento de carga din\u00e2mico"},"content":{"rendered":"<div data-elementor-type=\"wp-page\" data-elementor-id=\"3126\" class=\"elementor elementor-3126\">\n\t\t\t\t\t\t<section class=\"elementor-section elementor-top-section elementor-element elementor-element-fb5abab elementor-section-boxed elementor-section-height-default elementor-section-height-default\" data-id=\"fb5abab\" data-element_type=\"section\">\n\t\t\t\t\t\t<div class=\"elementor-container elementor-column-gap-default\">\n\t\t\t\t\t<div class=\"elementor-column elementor-col-100 elementor-top-column elementor-element elementor-element-af5f56a\" data-id=\"af5f56a\" data-element_type=\"column\">\n\t\t\t<div class=\"elementor-widget-wrap elementor-element-populated\">\n\t\t\t\t\t\t<div class=\"elementor-element elementor-element-fc40f36 elementor-widget elementor-widget-text-editor\" data-id=\"fc40f36\" data-element_type=\"widget\" data-widget_type=\"text-editor.default\">\n\t\t\t\t<div class=\"elementor-widget-container\">\n\t\t\t<style>\/*! elementor - v3.19.0 - 29-01-2024 *\/\n.elementor-widget-text-editor.elementor-drop-cap-view-stacked .elementor-drop-cap{background-color:#69727d;color:#fff}.elementor-widget-text-editor.elementor-drop-cap-view-framed .elementor-drop-cap{color:#69727d;border:3px solid;background-color:transparent}.elementor-widget-text-editor:not(.elementor-drop-cap-view-default) .elementor-drop-cap{margin-top:8px}.elementor-widget-text-editor:not(.elementor-drop-cap-view-default) .elementor-drop-cap-letter{width:1em;height:1em}.elementor-widget-text-editor .elementor-drop-cap{float:left;text-align:center;line-height:1;font-size:50px}.elementor-widget-text-editor .elementor-drop-cap-letter{display:inline-block}<\/style>\t\t\t\t<p>Com o r\u00e1pido crescimento dos ve\u00edculos el\u00e9tricos e dos equipamentos de carregamento, a rede el\u00e9trica enfrentar\u00e1 grandes desafios. Para atender \u00e0 demanda de carregamento e proteger a opera\u00e7\u00e3o da rede el\u00e9trica, a HBC Mobility oferece solu\u00e7\u00f5es de gerenciamento din\u00e2mico de carga para resid\u00eancias e estabelecimentos comerciais, equilibrando dinamicamente a distribui\u00e7\u00e3o de energia para as esta\u00e7\u00f5es de carregamento por meio de software ou gateway OCPP inteligente.<\/p>\t\t\t\t\t\t<\/div>\n\t\t\t\t<\/div>\n\t\t\t\t<section class=\"elementor-section elementor-inner-section elementor-element elementor-element-4f97704 elementor-section-boxed elementor-section-height-default elementor-section-height-default\" data-id=\"4f97704\" data-element_type=\"section\">\n\t\t\t\t\t\t<div class=\"elementor-container elementor-column-gap-default\">\n\t\t\t\t\t<div class=\"elementor-column elementor-col-50 elementor-inner-column elementor-element elementor-element-e7bece2\" data-id=\"e7bece2\" data-element_type=\"column\">\n\t\t\t<div class=\"elementor-widget-wrap elementor-element-populated\">\n\t\t\t\t\t\t<div class=\"elementor-element elementor-element-db65061 elementor-widget elementor-widget-text-editor\" data-id=\"db65061\" data-element_type=\"widget\" data-widget_type=\"text-editor.default\">\n\t\t\t\t<div class=\"elementor-widget-container\">\n\t\t\t\t\t\t\t<h2>Residencial<\/h2><p>A HBC Mobility oferece tr\u00eas n\u00edveis de gerenciamento de carga residencial, permitindo que os usu\u00e1rios equilibrem dinamicamente suas fontes de eletricidade dispon\u00edveis, incluindo a rede el\u00e9trica, a energia solar e o sistema de armazenamento de bateria. Isso garante que o circuito el\u00e9trico nunca fique sobrecarregado, permite que todos os equipamentos operem sem problemas e otimiza o consumo de energia para obter benef\u00edcios econ\u00f4micos. Essa solu\u00e7\u00e3o n\u00e3o apenas protege a rede el\u00e9trica local, mas tamb\u00e9m oferece uma solu\u00e7\u00e3o eficaz de carregamento de ve\u00edculos el\u00e9tricos para os usu\u00e1rios.<\/p>\t\t\t\t\t\t<\/div>\n\t\t\t\t<\/div>\n\t\t\t\t\t<\/div>\n\t\t<\/div>\n\t\t\t\t<div class=\"elementor-column elementor-col-50 elementor-inner-column elementor-element elementor-element-97bd92c\" data-id=\"97bd92c\" data-element_type=\"column\">\n\t\t\t<div class=\"elementor-widget-wrap elementor-element-populated\">\n\t\t\t\t\t\t<div class=\"elementor-element elementor-element-1fe0d14 elementor-widget elementor-widget-image\" data-id=\"1fe0d14\" data-element_type=\"widget\" data-widget_type=\"image.default\">\n\t\t\t\t<div class=\"elementor-widget-container\">\n\t\t\t<style>\/*! elementor - v3.19.0 - 29-01-2024 *\/\n.elementor-widget-image{text-align:center}.elementor-widget-image a{display:inline-block}.elementor-widget-image a img[src$=\".svg\"]{width:48px}.elementor-widget-image img{vertical-align:middle;display:inline-block}<\/style>\t\t\t\t\t\t\t\t\t\t<img fetchpriority=\"high\" decoding=\"async\" width=\"940\" height=\"759\" src=\"https:\/\/hbcmobility.com.br\/wp-content\/uploads\/2024\/02\/Solution-Dynamic-Load-Balancing-1024x827.png\" class=\"attachment-large size-large wp-image-5037\" alt=\"\" srcset=\"https:\/\/hbcmobility.com.br\/wp-content\/uploads\/2024\/02\/Solution-Dynamic-Load-Balancing-1024x827.png 1024w, https:\/\/hbcmobility.com.br\/wp-content\/uploads\/2024\/02\/Solution-Dynamic-Load-Balancing-300x242.png 300w, https:\/\/hbcmobility.com.br\/wp-content\/uploads\/2024\/02\/Solution-Dynamic-Load-Balancing-768x620.png 768w, https:\/\/hbcmobility.com.br\/wp-content\/uploads\/2024\/02\/Solution-Dynamic-Load-Balancing-15x12.png 15w, https:\/\/hbcmobility.com.br\/wp-content\/uploads\/2024\/02\/Solution-Dynamic-Load-Balancing-285x230.png 285w, https:\/\/hbcmobility.com.br\/wp-content\/uploads\/2024\/02\/Solution-Dynamic-Load-Balancing-660x533.png 660w, https:\/\/hbcmobility.com.br\/wp-content\/uploads\/2024\/02\/Solution-Dynamic-Load-Balancing-150x121.png 150w, https:\/\/hbcmobility.com.br\/wp-content\/uploads\/2024\/02\/Solution-Dynamic-Load-Balancing.png 1338w\" sizes=\"(max-width: 940px) 100vw, 940px\" \/>\t\t\t\t\t\t\t\t\t\t\t\t\t<\/div>\n\t\t\t\t<\/div>\n\t\t\t\t\t<\/div>\n\t\t<\/div>\n\t\t\t\t\t<\/div>\n\t\t<\/section>\n\t\t\t\t\t<\/div>\n\t\t<\/div>\n\t\t\t\t\t<\/div>\n\t\t<\/section>\n\t\t\t\t<section class=\"elementor-section elementor-top-section elementor-element elementor-element-0fc3e4f elementor-section-boxed elementor-section-height-default elementor-section-height-default\" data-id=\"0fc3e4f\" data-element_type=\"section\" data-settings=\"{&quot;background_background&quot;:&quot;classic&quot;}\">\n\t\t\t\t\t\t<div class=\"elementor-container elementor-column-gap-default\">\n\t\t\t\t\t<div class=\"elementor-column elementor-col-50 elementor-top-column elementor-element elementor-element-38e6f5d\" data-id=\"38e6f5d\" data-element_type=\"column\">\n\t\t\t<div class=\"elementor-widget-wrap elementor-element-populated\">\n\t\t\t\t\t\t<div class=\"elementor-element elementor-element-e676915 elementor-widget elementor-widget-image\" data-id=\"e676915\" data-element_type=\"widget\" data-widget_type=\"image.default\">\n\t\t\t\t<div class=\"elementor-widget-container\">\n\t\t\t\t\t\t\t\t\t\t\t\t\t<img decoding=\"async\" width=\"750\" height=\"750\" src=\"https:\/\/hbcmobility.com.br\/wp-content\/uploads\/2024\/02\/VIP.png\" class=\"attachment-full size-full wp-image-5038\" alt=\"\" srcset=\"https:\/\/hbcmobility.com.br\/wp-content\/uploads\/2024\/02\/VIP.png 750w, https:\/\/hbcmobility.com.br\/wp-content\/uploads\/2024\/02\/VIP-300x300.png 300w, https:\/\/hbcmobility.com.br\/wp-content\/uploads\/2024\/02\/VIP-150x150.png 150w, https:\/\/hbcmobility.com.br\/wp-content\/uploads\/2024\/02\/VIP-12x12.png 12w, https:\/\/hbcmobility.com.br\/wp-content\/uploads\/2024\/02\/VIP-285x285.png 285w, https:\/\/hbcmobility.com.br\/wp-content\/uploads\/2024\/02\/VIP-270x270.png 270w, https:\/\/hbcmobility.com.br\/wp-content\/uploads\/2024\/02\/VIP-540x540.png 540w, https:\/\/hbcmobility.com.br\/wp-content\/uploads\/2024\/02\/VIP-660x660.png 660w\" sizes=\"(max-width: 750px) 100vw, 750px\" \/>\t\t\t\t\t\t\t\t\t\t\t\t\t<\/div>\n\t\t\t\t<\/div>\n\t\t\t\t\t<\/div>\n\t\t<\/div>\n\t\t\t\t<div class=\"elementor-column elementor-col-50 elementor-top-column elementor-element elementor-element-a158c70\" data-id=\"a158c70\" data-element_type=\"column\">\n\t\t\t<div class=\"elementor-widget-wrap elementor-element-populated\">\n\t\t\t\t\t\t<div class=\"elementor-element elementor-element-7cbec63 elementor-widget elementor-widget-text-editor\" data-id=\"7cbec63\" data-element_type=\"widget\" data-widget_type=\"text-editor.default\">\n\t\t\t\t<div class=\"elementor-widget-container\">\n\t\t\t\t\t\t\t<h2>Comercial<\/h2><p>Com o sistema de gerenciamento DLB (Dynamic Load Balancing) da HBC Mobility, voc\u00ea pode alocar dinamicamente a energia dispon\u00edvel e equilibr\u00e1-la entre os carregadores de ve\u00edculos el\u00e9tricos em sua empresal, obtendo o carregamento mais eficiente. Com o balanceamento de carga priorizado, voc\u00ea pode fornecer  acesso priorit\u00e1rio e aumentar os limites de energia para oferecer infraestrutura de carregamento de ve\u00edculos el\u00e9tricos a uma base de clientes mais ampla. Tudo isso pode ser alcan\u00e7ado sem a necessidade de hardware caro ou atualiza\u00e7\u00f5es de rede, garantindo a prote\u00e7\u00e3o da rede el\u00e9trica local.<\/p>\t\t\t\t\t\t<\/div>\n\t\t\t\t<\/div>\n\t\t\t\t\t<\/div>\n\t\t<\/div>\n\t\t\t\t\t<\/div>\n\t\t<\/section>\n\t\t\t\t<\/div>","protected":false},"excerpt":{"rendered":"<p>Com o r\u00e1pido crescimento dos ve\u00edculos el\u00e9tricos e dos equipamentos de carregamento de VEs, a rede el\u00e9trica enfrentar\u00e1 grandes desafios....<\/p>","protected":false},"author":1,"featured_media":0,"parent":0,"menu_order":0,"comment_status":"closed","ping_status":"closed","template":"elementor_header_footer","meta":{"footnotes":""},"_links":{"self":[{"href":"https:\/\/hbcmobility.com.br\/br\/wp-json\/wp\/v2\/pages\/3126"}],"collection":[{"href":"https:\/\/hbcmobility.com.br\/br\/wp-json\/wp\/v2\/pages"}],"about":[{"href":"https:\/\/hbcmobility.com.br\/br\/wp-json\/wp\/v2\/types\/page"}],"author":[{"embeddable":true,"href":"https:\/\/hbcmobility.com.br\/br\/wp-json\/wp\/v2\/users\/1"}],"replies":[{"embeddable":true,"href":"https:\/\/hbcmobility.com.br\/br\/wp-json\/wp\/v2\/comments?post=3126"}],"version-history":[{"count":19,"href":"https:\/\/hbcmobility.com.br\/br\/wp-json\/wp\/v2\/pages\/3126\/revisions"}],"predecessor-version":[{"id":5612,"href":"https:\/\/hbcmobility.com.br\/br\/wp-json\/wp\/v2\/pages\/3126\/revisions\/5612"}],"wp:attachment":[{"href":"https:\/\/hbcmobility.com.br\/br\/wp-json\/wp\/v2\/media?parent=3126"}],"curies":[{"name":"wp","href":"https:\/\/api.w.org\/{rel}","templated":true}]}}