{"id":3124,"date":"2023-07-18T08:15:59","date_gmt":"2023-07-18T08:15:59","guid":{"rendered":"https:\/\/site.hbcmobility.com.br\/?page_id=3124"},"modified":"2024-02-16T19:33:59","modified_gmt":"2024-02-16T22:33:59","slug":"management-system","status":"publish","type":"page","link":"https:\/\/hbcmobility.com.br\/br\/management-system\/","title":{"rendered":"Sistema de gerenciamento"},"content":{"rendered":"<div data-elementor-type=\"wp-page\" data-elementor-id=\"3124\" class=\"elementor elementor-3124\">\n\t\t\t\t\t\t<section class=\"elementor-section elementor-top-section elementor-element elementor-element-7c1bcfe elementor-section-boxed elementor-section-height-default elementor-section-height-default\" data-id=\"7c1bcfe\" data-element_type=\"section\">\n\t\t\t\t\t\t<div class=\"elementor-container elementor-column-gap-default\">\n\t\t\t\t\t<div class=\"elementor-column elementor-col-100 elementor-top-column elementor-element elementor-element-599119a\" data-id=\"599119a\" data-element_type=\"column\">\n\t\t\t<div class=\"elementor-widget-wrap elementor-element-populated\">\n\t\t\t\t\t\t<div class=\"elementor-element elementor-element-82d464c elementor-widget elementor-widget-text-editor\" data-id=\"82d464c\" data-element_type=\"widget\" data-widget_type=\"text-editor.default\">\n\t\t\t\t<div class=\"elementor-widget-container\">\n\t\t\t<style>\/*! elementor - v3.19.0 - 29-01-2024 *\/\n.elementor-widget-text-editor.elementor-drop-cap-view-stacked .elementor-drop-cap{background-color:#69727d;color:#fff}.elementor-widget-text-editor.elementor-drop-cap-view-framed .elementor-drop-cap{color:#69727d;border:3px solid;background-color:transparent}.elementor-widget-text-editor:not(.elementor-drop-cap-view-default) .elementor-drop-cap{margin-top:8px}.elementor-widget-text-editor:not(.elementor-drop-cap-view-default) .elementor-drop-cap-letter{width:1em;height:1em}.elementor-widget-text-editor .elementor-drop-cap{float:left;text-align:center;line-height:1;font-size:50px}.elementor-widget-text-editor .elementor-drop-cap-letter{display:inline-block}<\/style>\t\t\t\t<p><strong><b>Plataforma simples e inteligente para o gerenciamento de recarga de Ve\u00edculos El\u00e9tricos.<\/b><\/strong><\/p>\t\t\t\t\t\t<\/div>\n\t\t\t\t<\/div>\n\t\t\t\t<section class=\"elementor-section elementor-inner-section elementor-element elementor-element-44e8787 elementor-section-boxed elementor-section-height-default elementor-section-height-default\" data-id=\"44e8787\" data-element_type=\"section\">\n\t\t\t\t\t\t<div class=\"elementor-container elementor-column-gap-default\">\n\t\t\t\t\t<div class=\"elementor-column elementor-col-50 elementor-inner-column elementor-element elementor-element-d290480\" data-id=\"d290480\" data-element_type=\"column\">\n\t\t\t<div class=\"elementor-widget-wrap elementor-element-populated\">\n\t\t\t\t\t\t<div class=\"elementor-element elementor-element-a8d2ae0 elementor-widget elementor-widget-image\" data-id=\"a8d2ae0\" data-element_type=\"widget\" data-widget_type=\"image.default\">\n\t\t\t\t<div class=\"elementor-widget-container\">\n\t\t\t<style>\/*! elementor - v3.19.0 - 29-01-2024 *\/\n.elementor-widget-image{text-align:center}.elementor-widget-image a{display:inline-block}.elementor-widget-image a img[src$=\".svg\"]{width:48px}.elementor-widget-image img{vertical-align:middle;display:inline-block}<\/style>\t\t\t\t\t\t\t\t\t\t<img fetchpriority=\"high\" decoding=\"async\" width=\"1024\" height=\"1024\" src=\"https:\/\/hbcmobility.com.br\/wp-content\/uploads\/2024\/02\/s1-1.png\" class=\"attachment-full size-full wp-image-5052\" alt=\"\" srcset=\"https:\/\/hbcmobility.com.br\/wp-content\/uploads\/2024\/02\/s1-1.png 1024w, https:\/\/hbcmobility.com.br\/wp-content\/uploads\/2024\/02\/s1-1-300x300.png 300w, https:\/\/hbcmobility.com.br\/wp-content\/uploads\/2024\/02\/s1-1-150x150.png 150w, https:\/\/hbcmobility.com.br\/wp-content\/uploads\/2024\/02\/s1-1-768x768.png 768w, https:\/\/hbcmobility.com.br\/wp-content\/uploads\/2024\/02\/s1-1-12x12.png 12w, https:\/\/hbcmobility.com.br\/wp-content\/uploads\/2024\/02\/s1-1-285x285.png 285w, https:\/\/hbcmobility.com.br\/wp-content\/uploads\/2024\/02\/s1-1-270x270.png 270w, https:\/\/hbcmobility.com.br\/wp-content\/uploads\/2024\/02\/s1-1-540x540.png 540w, https:\/\/hbcmobility.com.br\/wp-content\/uploads\/2024\/02\/s1-1-660x660.png 660w\" sizes=\"(max-width: 1024px) 100vw, 1024px\" \/>\t\t\t\t\t\t\t\t\t\t\t\t\t<\/div>\n\t\t\t\t<\/div>\n\t\t\t\t\t<\/div>\n\t\t<\/div>\n\t\t\t\t<div class=\"elementor-column elementor-col-50 elementor-inner-column elementor-element elementor-element-8417959\" data-id=\"8417959\" data-element_type=\"column\">\n\t\t\t<div class=\"elementor-widget-wrap elementor-element-populated\">\n\t\t\t\t\t\t<div class=\"elementor-element elementor-element-6e3eff9 elementor-widget elementor-widget-text-editor\" data-id=\"6e3eff9\" data-element_type=\"widget\" data-widget_type=\"text-editor.default\">\n\t\t\t\t<div class=\"elementor-widget-container\">\n\t\t\t\t\t\t\t<p>Solu\u00e7\u00e3o l\u00edder de gerenciamento de energia que simplifica o carregamento de ve\u00edculos el\u00e9tricos e otimiza o uso de energia. Com monitoramento em tempo real e recursos de controle inteligente, os usu\u00e1rios podem acompanhar o status do carregamento, gerenciar o consumo de energia e reduzir os custos.  Sua interface amig\u00e1vel e  intuitia permite que o usu\u00e1rio monitore e controle facilmente as sess\u00f5es de carregamento, garantindo uma abordagem eficiente e profissional para o carregamento de ve\u00edculos el\u00e9tricos e o gerenciamento de energia.<\/p>\t\t\t\t\t\t<\/div>\n\t\t\t\t<\/div>\n\t\t\t\t\t<\/div>\n\t\t<\/div>\n\t\t\t\t\t<\/div>\n\t\t<\/section>\n\t\t\t\t<div class=\"elementor-element elementor-element-c50a552 elementor-widget elementor-widget-image\" data-id=\"c50a552\" data-element_type=\"widget\" data-widget_type=\"image.default\">\n\t\t\t\t<div class=\"elementor-widget-container\">\n\t\t\t<style>.elementor-element-c50a552{display:none !important}<\/style>\t\t<\/div>\n\t\t\t\t<\/div>\n\t\t\t\t\t<\/div>\n\t\t<\/div>\n\t\t\t\t\t<\/div>\n\t\t<\/section>\n\t\t\t\t<section class=\"elementor-section elementor-top-section elementor-element elementor-element-9a43697 elementor-section-boxed elementor-section-height-default elementor-section-height-default\" data-id=\"9a43697\" data-element_type=\"section\" data-settings=\"{&quot;background_background&quot;:&quot;classic&quot;}\">\n\t\t\t\t\t\t<div class=\"elementor-container elementor-column-gap-default\">\n\t\t\t\t\t<div class=\"elementor-column elementor-col-100 elementor-top-column elementor-element elementor-element-2409d2e\" data-id=\"2409d2e\" data-element_type=\"column\">\n\t\t\t<div class=\"elementor-widget-wrap elementor-element-populated\">\n\t\t\t\t\t\t<section class=\"elementor-section elementor-inner-section elementor-element elementor-element-630c85b elementor-section-boxed elementor-section-height-default elementor-section-height-default\" data-id=\"630c85b\" data-element_type=\"section\">\n\t\t\t\t\t\t<div class=\"elementor-container elementor-column-gap-default\">\n\t\t\t\t\t<div class=\"elementor-column elementor-col-50 elementor-inner-column elementor-element elementor-element-aac9fb8\" data-id=\"aac9fb8\" data-element_type=\"column\">\n\t\t\t<div class=\"elementor-widget-wrap elementor-element-populated\">\n\t\t\t\t\t\t<div class=\"elementor-element elementor-element-a40a496 elementor-widget elementor-widget-text-editor\" data-id=\"a40a496\" data-element_type=\"widget\" data-widget_type=\"text-editor.default\">\n\t\t\t\t<div class=\"elementor-widget-container\">\n\t\t\t\t\t\t\t<p><strong><b>HBC Mobility&nbsp;<\/b><\/strong><strong><b>C<\/b><\/strong><strong><b>C<\/b><\/strong><strong><b>MS<\/b><\/strong>&nbsp;simplifica e otimiza a infraestrutura de carregamento de ve\u00edculos el\u00e9tricos  Com monitoramento em tempo real, sistema de faturamento flex\u00edvel e recursos de an\u00e1lise de dados, permite a utiliza\u00e7\u00e3o de recursos e a tomada de decis\u00f5es com base em dados. Facilmente integrado com sistemas de pagamentos e aplicativos comerciais, o HBC Mobility CCMS oferece uma \u00f3tima experi\u00eancia de carregamento simplificada. Oferecendo servi\u00e7os de recarga confi\u00e1veis aos usu\u00e1rios de ve\u00edculos el\u00e9tricos.<\/p>\t\t\t\t\t\t<\/div>\n\t\t\t\t<\/div>\n\t\t\t\t\t<\/div>\n\t\t<\/div>\n\t\t\t\t<div class=\"elementor-column elementor-col-50 elementor-inner-column elementor-element elementor-element-4482bc0\" data-id=\"4482bc0\" data-element_type=\"column\">\n\t\t\t<div class=\"elementor-widget-wrap elementor-element-populated\">\n\t\t\t\t\t\t<div class=\"elementor-element elementor-element-591b4c8 elementor-widget elementor-widget-image\" data-id=\"591b4c8\" data-element_type=\"widget\" data-widget_type=\"image.default\">\n\t\t\t\t<div class=\"elementor-widget-container\">\n\t\t\t\t\t\t\t\t\t\t\t\t\t<img decoding=\"async\" width=\"1024\" height=\"1024\" src=\"https:\/\/hbcmobility.com.br\/wp-content\/uploads\/2024\/02\/s4.png\" class=\"attachment-full size-full wp-image-5054\" alt=\"\" srcset=\"https:\/\/hbcmobility.com.br\/wp-content\/uploads\/2024\/02\/s4.png 1024w, https:\/\/hbcmobility.com.br\/wp-content\/uploads\/2024\/02\/s4-300x300.png 300w, https:\/\/hbcmobility.com.br\/wp-content\/uploads\/2024\/02\/s4-150x150.png 150w, https:\/\/hbcmobility.com.br\/wp-content\/uploads\/2024\/02\/s4-768x768.png 768w, https:\/\/hbcmobility.com.br\/wp-content\/uploads\/2024\/02\/s4-12x12.png 12w, https:\/\/hbcmobility.com.br\/wp-content\/uploads\/2024\/02\/s4-285x285.png 285w, https:\/\/hbcmobility.com.br\/wp-content\/uploads\/2024\/02\/s4-270x270.png 270w, https:\/\/hbcmobility.com.br\/wp-content\/uploads\/2024\/02\/s4-540x540.png 540w, https:\/\/hbcmobility.com.br\/wp-content\/uploads\/2024\/02\/s4-660x660.png 660w\" sizes=\"(max-width: 1024px) 100vw, 1024px\" \/>\t\t\t\t\t\t\t\t\t\t\t\t\t<\/div>\n\t\t\t\t<\/div>\n\t\t\t\t\t<\/div>\n\t\t<\/div>\n\t\t\t\t\t<\/div>\n\t\t<\/section>\n\t\t\t\t<div class=\"elementor-element elementor-element-924dc69 elementor-widget elementor-widget-image\" data-id=\"924dc69\" data-element_type=\"widget\" data-widget_type=\"image.default\">\n\t\t\t\t<div class=\"elementor-widget-container\">\n\t\t\t<style>.elementor-element-924dc69{display:none !important}<\/style>\t\t<\/div>\n\t\t\t\t<\/div>\n\t\t\t\t\t<\/div>\n\t\t<\/div>\n\t\t\t\t\t<\/div>\n\t\t<\/section>\n\t\t\t\t<\/div>","protected":false},"excerpt":{"rendered":"<p>Plataforma n\u00e3o comercial com carregamento inteligente de EV e gerenciamento de energia Solu\u00e7\u00e3o l\u00edder de gerenciamento de energia que simplifica o carregamento de EV e...<\/p>","protected":false},"author":1,"featured_media":0,"parent":0,"menu_order":0,"comment_status":"closed","ping_status":"closed","template":"elementor_header_footer","meta":{"footnotes":""},"_links":{"self":[{"href":"https:\/\/hbcmobility.com.br\/br\/wp-json\/wp\/v2\/pages\/3124"}],"collection":[{"href":"https:\/\/hbcmobility.com.br\/br\/wp-json\/wp\/v2\/pages"}],"about":[{"href":"https:\/\/hbcmobility.com.br\/br\/wp-json\/wp\/v2\/types\/page"}],"author":[{"embeddable":true,"href":"https:\/\/hbcmobility.com.br\/br\/wp-json\/wp\/v2\/users\/1"}],"replies":[{"embeddable":true,"href":"https:\/\/hbcmobility.com.br\/br\/wp-json\/wp\/v2\/comments?post=3124"}],"version-history":[{"count":20,"href":"https:\/\/hbcmobility.com.br\/br\/wp-json\/wp\/v2\/pages\/3124\/revisions"}],"predecessor-version":[{"id":5552,"href":"https:\/\/hbcmobility.com.br\/br\/wp-json\/wp\/v2\/pages\/3124\/revisions\/5552"}],"wp:attachment":[{"href":"https:\/\/hbcmobility.com.br\/br\/wp-json\/wp\/v2\/media?parent=3124"}],"curies":[{"name":"wp","href":"https:\/\/api.w.org\/{rel}","templated":true}]}}