{"id":3122,"date":"2023-07-18T08:15:31","date_gmt":"2023-07-18T08:15:31","guid":{"rendered":"https:\/\/site.hbcmobility.com.br\/?page_id=3122"},"modified":"2024-02-16T10:49:44","modified_gmt":"2024-02-16T13:49:44","slug":"payment-solution","status":"publish","type":"page","link":"https:\/\/hbcmobility.com.br\/br\/payment-solution\/","title":{"rendered":"Solu\u00e7\u00e3o de pagamento"},"content":{"rendered":"<div data-elementor-type=\"wp-page\" data-elementor-id=\"3122\" class=\"elementor elementor-3122\">\n\t\t\t\t\t\t<section class=\"elementor-section elementor-top-section elementor-element elementor-element-4291e51 elementor-section-boxed elementor-section-height-default elementor-section-height-default\" data-id=\"4291e51\" data-element_type=\"section\">\n\t\t\t\t\t\t<div class=\"elementor-container elementor-column-gap-default\">\n\t\t\t\t\t<div class=\"elementor-column elementor-col-100 elementor-top-column elementor-element elementor-element-ed0efeb\" data-id=\"ed0efeb\" data-element_type=\"column\">\n\t\t\t<div class=\"elementor-widget-wrap elementor-element-populated\">\n\t\t\t\t\t\t<div class=\"elementor-element elementor-element-0a532fb elementor-widget elementor-widget-text-editor\" data-id=\"0a532fb\" data-element_type=\"widget\" data-widget_type=\"text-editor.default\">\n\t\t\t\t<div class=\"elementor-widget-container\">\n\t\t\t<style>\/*! elementor - v3.19.0 - 29-01-2024 *\/\n.elementor-widget-text-editor.elementor-drop-cap-view-stacked .elementor-drop-cap{background-color:#69727d;color:#fff}.elementor-widget-text-editor.elementor-drop-cap-view-framed .elementor-drop-cap{color:#69727d;border:3px solid;background-color:transparent}.elementor-widget-text-editor:not(.elementor-drop-cap-view-default) .elementor-drop-cap{margin-top:8px}.elementor-widget-text-editor:not(.elementor-drop-cap-view-default) .elementor-drop-cap-letter{width:1em;height:1em}.elementor-widget-text-editor .elementor-drop-cap{float:left;text-align:center;line-height:1;font-size:50px}.elementor-widget-text-editor .elementor-drop-cap-letter{display:inline-block}<\/style>\t\t\t\t<p>M\u00e9todos de pagamento diversificados garantem a satisfa\u00e7\u00e3o das necessidades dos usu\u00e1rios para pagar suas contas de carregamento de ve\u00edculos el\u00e9tricos. A HBC Mobility desenvolve e oferece suporte a v\u00e1rios m\u00e9todos de pagamento por meio de hardware e software para atender a essas demandas:<\/p>\t\t\t\t\t\t<\/div>\n\t\t\t\t<\/div>\n\t\t\t\t<section class=\"elementor-section elementor-inner-section elementor-element elementor-element-447399b elementor-section-boxed elementor-section-height-default elementor-section-height-default\" data-id=\"447399b\" data-element_type=\"section\">\n\t\t\t\t\t\t<div class=\"elementor-container elementor-column-gap-default\">\n\t\t\t\t\t<div class=\"elementor-column elementor-col-50 elementor-inner-column elementor-element elementor-element-6182b77\" data-id=\"6182b77\" data-element_type=\"column\">\n\t\t\t<div class=\"elementor-widget-wrap elementor-element-populated\">\n\t\t\t\t\t\t<div class=\"elementor-element elementor-element-3efacbf elementor-widget elementor-widget-image\" data-id=\"3efacbf\" data-element_type=\"widget\" data-widget_type=\"image.default\">\n\t\t\t\t<div class=\"elementor-widget-container\">\n\t\t\t<style>\/*! elementor - v3.19.0 - 29-01-2024 *\/\n.elementor-widget-image{text-align:center}.elementor-widget-image a{display:inline-block}.elementor-widget-image a img[src$=\".svg\"]{width:48px}.elementor-widget-image img{vertical-align:middle;display:inline-block}<\/style>\t\t\t\t\t\t\t\t\t\t<img fetchpriority=\"high\" decoding=\"async\" width=\"750\" height=\"750\" src=\"https:\/\/hbcmobility.com.br\/wp-content\/uploads\/2024\/02\/1-1-1.png\" class=\"attachment-full size-full wp-image-5043\" alt=\"\" srcset=\"https:\/\/hbcmobility.com.br\/wp-content\/uploads\/2024\/02\/1-1-1.png 750w, https:\/\/hbcmobility.com.br\/wp-content\/uploads\/2024\/02\/1-1-1-300x300.png 300w, https:\/\/hbcmobility.com.br\/wp-content\/uploads\/2024\/02\/1-1-1-150x150.png 150w, https:\/\/hbcmobility.com.br\/wp-content\/uploads\/2024\/02\/1-1-1-12x12.png 12w, https:\/\/hbcmobility.com.br\/wp-content\/uploads\/2024\/02\/1-1-1-285x285.png 285w, https:\/\/hbcmobility.com.br\/wp-content\/uploads\/2024\/02\/1-1-1-270x270.png 270w, https:\/\/hbcmobility.com.br\/wp-content\/uploads\/2024\/02\/1-1-1-540x540.png 540w, https:\/\/hbcmobility.com.br\/wp-content\/uploads\/2024\/02\/1-1-1-660x660.png 660w\" sizes=\"(max-width: 750px) 100vw, 750px\" \/>\t\t\t\t\t\t\t\t\t\t\t\t\t<\/div>\n\t\t\t\t<\/div>\n\t\t\t\t\t<\/div>\n\t\t<\/div>\n\t\t\t\t<div class=\"elementor-column elementor-col-50 elementor-inner-column elementor-element elementor-element-eb4e474\" data-id=\"eb4e474\" data-element_type=\"column\">\n\t\t\t<div class=\"elementor-widget-wrap elementor-element-populated\">\n\t\t\t\t\t\t<div class=\"elementor-element elementor-element-5ee6259 elementor-widget elementor-widget-text-editor\" data-id=\"5ee6259\" data-element_type=\"widget\" data-widget_type=\"text-editor.default\">\n\t\t\t\t<div class=\"elementor-widget-container\">\n\t\t\t\t\t\t\t<p>O cart\u00e3o de cr\u00e9dito on-line via aplicativos m\u00f3veis \u00e9 uma das formas mais convenientes de fazer o pagamento. Os usu\u00e1rios s\u00f3 precisam preencher as informa\u00e7\u00f5es do cart\u00e3o de cr\u00e9dito no aplicativo e depois disso \u00e9 s\u00f3 realizar o carregamento do ve\u00edculo el\u00e9trico. A HBC Mobility oferece suporte aos principais gateways de pagamento<\/p>\t\t\t\t\t\t<\/div>\n\t\t\t\t<\/div>\n\t\t\t\t\t<\/div>\n\t\t<\/div>\n\t\t\t\t\t<\/div>\n\t\t<\/section>\n\t\t\t\t<section class=\"elementor-section elementor-inner-section elementor-element elementor-element-ad26857 elementor-section-boxed elementor-section-height-default elementor-section-height-default\" data-id=\"ad26857\" data-element_type=\"section\">\n\t\t\t\t\t\t<div class=\"elementor-container elementor-column-gap-default\">\n\t\t\t\t\t<div class=\"elementor-column elementor-col-50 elementor-inner-column elementor-element elementor-element-886c957\" data-id=\"886c957\" data-element_type=\"column\">\n\t\t\t<div class=\"elementor-widget-wrap elementor-element-populated\">\n\t\t\t\t\t\t<div class=\"elementor-element elementor-element-403cb80 elementor-widget elementor-widget-text-editor\" data-id=\"403cb80\" data-element_type=\"widget\" data-widget_type=\"text-editor.default\">\n\t\t\t\t<div class=\"elementor-widget-container\">\n\t\t\t\t\t\t\t<p>O PDV tamb\u00e9m \u00e9 uma forma popular de efetuar o pagamento. A HBC Mobility j\u00e1 integrou com sucesso o Payter e o Nayax POS. Oferecemos suporte para o pagamento em PDV on-line por meio do OCPP e para o pagamento em PDV off-line local.<\/p>\n<p>O terminal de pagamento pode ser incorporado diretamente no carregador agora e est\u00e1 dispon\u00edvel nos carregadores AC e DC da HBC Mobility como uma op\u00e7\u00e3o para nossos clientes.<\/p>\t\t\t\t\t\t<\/div>\n\t\t\t\t<\/div>\n\t\t\t\t\t<\/div>\n\t\t<\/div>\n\t\t\t\t<div class=\"elementor-column elementor-col-50 elementor-inner-column elementor-element elementor-element-cceee49\" data-id=\"cceee49\" data-element_type=\"column\">\n\t\t\t<div class=\"elementor-widget-wrap elementor-element-populated\">\n\t\t\t\t\t\t<div class=\"elementor-element elementor-element-379cc85 elementor-widget elementor-widget-image\" data-id=\"379cc85\" data-element_type=\"widget\" data-widget_type=\"image.default\">\n\t\t\t\t<div class=\"elementor-widget-container\">\n\t\t\t\t\t\t\t\t\t\t\t\t\t<img decoding=\"async\" width=\"750\" height=\"750\" src=\"https:\/\/hbcmobility.com.br\/wp-content\/uploads\/2024\/02\/2-1-1.png\" class=\"attachment-full size-full wp-image-5044\" alt=\"\" srcset=\"https:\/\/hbcmobility.com.br\/wp-content\/uploads\/2024\/02\/2-1-1.png 750w, https:\/\/hbcmobility.com.br\/wp-content\/uploads\/2024\/02\/2-1-1-300x300.png 300w, https:\/\/hbcmobility.com.br\/wp-content\/uploads\/2024\/02\/2-1-1-150x150.png 150w, https:\/\/hbcmobility.com.br\/wp-content\/uploads\/2024\/02\/2-1-1-12x12.png 12w, https:\/\/hbcmobility.com.br\/wp-content\/uploads\/2024\/02\/2-1-1-285x285.png 285w, https:\/\/hbcmobility.com.br\/wp-content\/uploads\/2024\/02\/2-1-1-270x270.png 270w, https:\/\/hbcmobility.com.br\/wp-content\/uploads\/2024\/02\/2-1-1-540x540.png 540w, https:\/\/hbcmobility.com.br\/wp-content\/uploads\/2024\/02\/2-1-1-660x660.png 660w\" sizes=\"(max-width: 750px) 100vw, 750px\" \/>\t\t\t\t\t\t\t\t\t\t\t\t\t<\/div>\n\t\t\t\t<\/div>\n\t\t\t\t\t<\/div>\n\t\t<\/div>\n\t\t\t\t\t<\/div>\n\t\t<\/section>\n\t\t\t\t<section class=\"elementor-section elementor-inner-section elementor-element elementor-element-258a177 elementor-section-boxed elementor-section-height-default elementor-section-height-default\" data-id=\"258a177\" data-element_type=\"section\">\n\t\t\t\t\t\t<div class=\"elementor-container elementor-column-gap-default\">\n\t\t\t\t\t<div class=\"elementor-column elementor-col-50 elementor-inner-column elementor-element elementor-element-10204bb\" data-id=\"10204bb\" data-element_type=\"column\">\n\t\t\t<div class=\"elementor-widget-wrap elementor-element-populated\">\n\t\t\t\t\t\t<div class=\"elementor-element elementor-element-d42e232 elementor-widget elementor-widget-image\" data-id=\"d42e232\" data-element_type=\"widget\" data-widget_type=\"image.default\">\n\t\t\t\t<div class=\"elementor-widget-container\">\n\t\t\t\t\t\t\t\t\t\t\t\t\t<img decoding=\"async\" width=\"750\" height=\"750\" src=\"https:\/\/hbcmobility.com.br\/wp-content\/uploads\/2024\/02\/3-1.png\" class=\"attachment-full size-full wp-image-5045\" alt=\"\" srcset=\"https:\/\/hbcmobility.com.br\/wp-content\/uploads\/2024\/02\/3-1.png 750w, https:\/\/hbcmobility.com.br\/wp-content\/uploads\/2024\/02\/3-1-300x300.png 300w, https:\/\/hbcmobility.com.br\/wp-content\/uploads\/2024\/02\/3-1-150x150.png 150w, https:\/\/hbcmobility.com.br\/wp-content\/uploads\/2024\/02\/3-1-12x12.png 12w, https:\/\/hbcmobility.com.br\/wp-content\/uploads\/2024\/02\/3-1-285x285.png 285w, https:\/\/hbcmobility.com.br\/wp-content\/uploads\/2024\/02\/3-1-270x270.png 270w, https:\/\/hbcmobility.com.br\/wp-content\/uploads\/2024\/02\/3-1-540x540.png 540w, https:\/\/hbcmobility.com.br\/wp-content\/uploads\/2024\/02\/3-1-660x660.png 660w\" sizes=\"(max-width: 750px) 100vw, 750px\" \/>\t\t\t\t\t\t\t\t\t\t\t\t\t<\/div>\n\t\t\t\t<\/div>\n\t\t\t\t\t<\/div>\n\t\t<\/div>\n\t\t\t\t<div class=\"elementor-column elementor-col-50 elementor-inner-column elementor-element elementor-element-b18027e\" data-id=\"b18027e\" data-element_type=\"column\">\n\t\t\t<div class=\"elementor-widget-wrap elementor-element-populated\">\n\t\t\t\t\t\t<div class=\"elementor-element elementor-element-8e0a022 elementor-widget elementor-widget-text-editor\" data-id=\"8e0a022\" data-element_type=\"widget\" data-widget_type=\"text-editor.default\">\n\t\t\t\t<div class=\"elementor-widget-container\">\n\t\t\t\t\t\t\t<p>Quando um grupo de carregadores tem requisitos de pagamento, como em estacionamentos, shopping centers etc., o quiosque POS da HBC Mobility \u00e9 a solu\u00e7\u00e3o perfeita. O quiosque de pagamento da HBC Mobility \u00e9 a solu\u00e7\u00e3o ideal para isso. Apenas um quiosque de pagamento pode gerenciar o pagamento de todos os carregadores no mesmo local.<\/p>\t\t\t\t\t\t<\/div>\n\t\t\t\t<\/div>\n\t\t\t\t\t<\/div>\n\t\t<\/div>\n\t\t\t\t\t<\/div>\n\t\t<\/section>\n\t\t\t\t\t<\/div>\n\t\t<\/div>\n\t\t\t\t\t<\/div>\n\t\t<\/section>\n\t\t\t\t<\/div>","protected":false},"excerpt":{"rendered":"<p>M\u00e9todos de pagamento diversificados garantem a satisfa\u00e7\u00e3o das necessidades dos usu\u00e1rios para pagar suas contas de carregamento de EV. HBC Mobility...<\/p>","protected":false},"author":1,"featured_media":0,"parent":0,"menu_order":0,"comment_status":"closed","ping_status":"closed","template":"elementor_header_footer","meta":{"footnotes":""},"_links":{"self":[{"href":"https:\/\/hbcmobility.com.br\/br\/wp-json\/wp\/v2\/pages\/3122"}],"collection":[{"href":"https:\/\/hbcmobility.com.br\/br\/wp-json\/wp\/v2\/pages"}],"about":[{"href":"https:\/\/hbcmobility.com.br\/br\/wp-json\/wp\/v2\/types\/page"}],"author":[{"embeddable":true,"href":"https:\/\/hbcmobility.com.br\/br\/wp-json\/wp\/v2\/users\/1"}],"replies":[{"embeddable":true,"href":"https:\/\/hbcmobility.com.br\/br\/wp-json\/wp\/v2\/comments?post=3122"}],"version-history":[{"count":19,"href":"https:\/\/hbcmobility.com.br\/br\/wp-json\/wp\/v2\/pages\/3122\/revisions"}],"predecessor-version":[{"id":5465,"href":"https:\/\/hbcmobility.com.br\/br\/wp-json\/wp\/v2\/pages\/3122\/revisions\/5465"}],"wp:attachment":[{"href":"https:\/\/hbcmobility.com.br\/br\/wp-json\/wp\/v2\/media?parent=3122"}],"curies":[{"name":"wp","href":"https:\/\/api.w.org\/{rel}","templated":true}]}}